{"id":2877,"date":"2025-06-23T15:34:14","date_gmt":"2025-06-23T19:34:14","guid":{"rendered":"https:\/\/chabanero.com\/produit\/nescafe-cafe-clasico\/"},"modified":"2025-06-24T13:47:29","modified_gmt":"2025-06-24T17:47:29","slug":"nescafe-cafe-clasico","status":"publish","type":"product","link":"https:\/\/chabanero.com\/es\/producto\/nescafe-cafe-clasico\/","title":{"rendered":"NesCaf\u00e9- Caf\u00e9 Cl\u00e1sico"},"content":{"rendered":"","protected":false},"excerpt":{"rendered":"<p>6 un \/ 100 gr<\/p>","protected":false},"featured_media":3108,"comment_status":"open","ping_status":"closed","template":"","meta":[],"product_brand":[],"product_cat":[88],"product_tag":[],"class_list":{"0":"post-2877","1":"product","2":"type-product","3":"status-publish","4":"has-post-thumbnail","6":"product_cat-san-marcos","8":"first","9":"instock","10":"shipping-taxable","11":"product-type-simple"},"acf":[],"_links":{"self":[{"href":"https:\/\/chabanero.com\/es\/wp-json\/wp\/v2\/product\/2877","targetHints":{"allow":["GET"]}}],"collection":[{"href":"https:\/\/chabanero.com\/es\/wp-json\/wp\/v2\/product"}],"about":[{"href":"https:\/\/chabanero.com\/es\/wp-json\/wp\/v2\/types\/product"}],"replies":[{"embeddable":true,"href":"https:\/\/chabanero.com\/es\/wp-json\/wp\/v2\/comments?post=2877"}],"wp:featuredmedia":[{"embeddable":true,"href":"https:\/\/chabanero.com\/es\/wp-json\/wp\/v2\/media\/3108"}],"wp:attachment":[{"href":"https:\/\/chabanero.com\/es\/wp-json\/wp\/v2\/media?parent=2877"}],"wp:term":[{"taxonomy":"product_brand","embeddable":true,"href":"https:\/\/chabanero.com\/es\/wp-json\/wp\/v2\/product_brand?post=2877"},{"taxonomy":"product_cat","embeddable":true,"href":"https:\/\/chabanero.com\/es\/wp-json\/wp\/v2\/product_cat?post=2877"},{"taxonomy":"product_tag","embeddable":true,"href":"https:\/\/chabanero.com\/es\/wp-json\/wp\/v2\/product_tag?post=2877"}],"curies":[{"name":"wp","href":"https:\/\/api.w.org\/{rel}","templated":true}]}}